{"id":7,"date":"2012-08-30T13:44:11","date_gmt":"2012-08-30T13:44:11","guid":{"rendered":"https:\/\/2012.stockholm.wordcamp.org\/?page_id=7"},"modified":"2012-08-30T14:08:50","modified_gmt":"2012-08-30T14:08:50","slug":"valkommen","status":"publish","type":"page","link":"https:\/\/stockholm.wordcamp.org\/2012\/","title":{"rendered":"V\u00e4lkommen"},"content":{"rendered":"<p><strong><a href=\"http:\/\/wpsthlm.se\/wordcamp-stockholm-2012\/\"><img loading=\"lazy\" decoding=\"async\" class=\"alignright size-full wp-image-16\" src=\"https:\/\/2012.stockholm.wordcamp.org\/files\/2012\/08\/wordcampticket-300x150.png\" alt=\"\" width=\"300\" height=\"150\" \/><\/a>V\u00e4lkommen till WordCamp Stockholm 2012!<\/strong> Den 22 oktober g\u00e5r tillst\u00e4llningen av stapeln, p\u00e5 Waterfront i centrala Stockholm. <a href=\"http:\/\/wpsthlm.se\/biljett-2012\/\">Biljetterna finns ute nu<\/a> och kostar blott 275 kr f\u00f6r hela dagen.<\/p>\n<p><strong>N\u00e5gra nyckelpunkter:<\/strong><\/p>\n<ul>\n<li>WordCamp Stockholm, den 22 oktober! Bara en s\u00e5dan sak.<\/li>\n<li>Ett utvecklarsp\u00e5r med fokus med WordPress-utveckling.<\/li>\n<li>Ett anv\u00e4ndarsp\u00e5r med fokus p\u00e5 redaktionellt WordPress-arbete.<\/li>\n<li>Ett sidosp\u00e5r d\u00e4r du kan f\u00e5 hj\u00e4lp med din WordPress-sajt.<\/li>\n<li>Fika, lunch och buff\u00e9mingel efter konferensen ing\u00e5r.<\/li>\n<\/ul>\n<p>Vill du veta mer? <a href=\"http:\/\/wpsthlm.se\">Bes\u00f6k #wpsthlm<\/a>, d\u00e4r hittar du mer information om WordCamp Stockholm 2012, presentationer av talare och sponsorer, samt lite annat sm\u00e5tt och gott.<\/p>\n<p>Vi ses den 22 oktober!<\/p>\n","protected":false},"excerpt":{"rendered":"<p>V\u00e4lkommen till WordCamp Stockholm 2012! Den 22 oktober g\u00e5r tillst\u00e4llningen av stapeln, p\u00e5 Waterfront i centrala Stockholm. Biljetterna finns ute nu och kostar blott 275 kr f\u00f6r hela dagen. N\u00e5gra nyckelpunkter: WordCamp Stockholm, den 22 oktober! Bara en s\u00e5dan sak. &hellip; <a href=\"https:\/\/stockholm.wordcamp.org\/2012\/\">Continue reading <span class=\"screen-reader-text\">V\u00e4lkommen<\/span>  <span class=\"meta-nav\">&rarr;<\/span><\/a><\/p>\n","protected":false},"author":20619,"featured_media":0,"parent":0,"menu_order":0,"comment_status":"closed","ping_status":"closed","template":"template-full-width.php","meta":{"jetpack_post_was_ever_published":false,"footnotes":""},"class_list":["post-7","page","type-page","status-publish","hentry"],"jetpack_sharing_enabled":true,"jetpack_shortlink":"https:\/\/wp.me\/P2vEFr-7","_links":{"self":[{"href":"https:\/\/stockholm.wordcamp.org\/2012\/wp-json\/wp\/v2\/pages\/7","targetHints":{"allow":["GET"]}}],"collection":[{"href":"https:\/\/stockholm.wordcamp.org\/2012\/wp-json\/wp\/v2\/pages"}],"about":[{"href":"https:\/\/stockholm.wordcamp.org\/2012\/wp-json\/wp\/v2\/types\/page"}],"author":[{"embeddable":true,"href":"https:\/\/stockholm.wordcamp.org\/2012\/wp-json\/wp\/v2\/users\/20619"}],"replies":[{"embeddable":true,"href":"https:\/\/stockholm.wordcamp.org\/2012\/wp-json\/wp\/v2\/comments?post=7"}],"version-history":[{"count":7,"href":"https:\/\/stockholm.wordcamp.org\/2012\/wp-json\/wp\/v2\/pages\/7\/revisions"}],"predecessor-version":[{"id":9,"href":"https:\/\/stockholm.wordcamp.org\/2012\/wp-json\/wp\/v2\/pages\/7\/revisions\/9"}],"wp:attachment":[{"href":"https:\/\/stockholm.wordcamp.org\/2012\/wp-json\/wp\/v2\/media?parent=7"}],"curies":[{"name":"wp","href":"https:\/\/api.w.org\/{rel}","templated":true}]}}