{"id":225,"date":"2017-07-20T12:12:37","date_gmt":"2017-07-20T12:12:37","guid":{"rendered":"https:\/\/2017.stockholm.wordcamp.org\/?page_id=225"},"modified":"2017-09-14T22:32:18","modified_gmt":"2017-09-14T20:32:18","slug":"uppforandekod","status":"publish","type":"page","link":"https:\/\/stockholm.wordcamp.org\/2017\/uppforandekod\/","title":{"rendered":"Uppf\u00f6randekod"},"content":{"rendered":"<p style=\"text-align: center\"><strong>Svenska<\/strong> | <a href=\"https:\/\/2016.stockholm.wordcamp.org\/code-of-conduct\/\">English<\/a><\/p>\n<ol>\n<li>\n<h3>Syfte<\/h3>\n<p>WordCamp Stockholm tror p\u00e5 att v\u00e5r community verkligen ska vara \u00f6ppen f\u00f6r alla. D\u00e4rf\u00f6r \u00e4r vi fast beslutna att erbjuda en v\u00e4nlig, s\u00e4ker och v\u00e4lkomnande milj\u00f6 f\u00f6r alla, oberoende av k\u00f6n, sexuell l\u00e4ggning, handikapp, ursprung, religion eller preferenser kring operativsystem, programmeringsspr\u00e5k eller textredigeringsprogram.<\/p>\n<p>Denna uppf\u00f6randekod beskriver v\u00e5ra f\u00f6rv\u00e4ntningar p\u00e5 deltagarnas upptr\u00e4dande och konsekvenserna f\u00f6r oacceptabla beteenden.<\/p>\n<p>Vi ber alla sponsorer, frivilliga medhj\u00e4lpare, talare, publiken och \u00f6vriga deltagare att hj\u00e4lpa oss skapa en s\u00e4ker och positiv konferensupplevelse f\u00f6r alla.<\/li>\n<li>\n<h3>Deltagande i samarbetet kring \u00f6ppen k\u00e4llkod<\/h3>\n<p>En kompletterande m\u00e5ls\u00e4ttning med denna uppf\u00f6randekod \u00e4r att st\u00e4rka deltagandet i samarbetet kring \u00f6ppen k\u00e4llkod genom att uppmuntra deltagarna att bekr\u00e4fta och st\u00e4rka relationen mellan v\u00e5rt beteende och v\u00e5r community i stort.<\/p>\n<p>Som st\u00f6d f\u00f6r denna m\u00e5ls\u00e4ttning kommer organisat\u00f6rerna f\u00f6r WordCamp Stockholm att ta emot nomineringar till utn\u00e4mningen \u201df\u00f6red\u00f6mliga medborgare\u201d under hela evenemanget och kommer efter konferensen att ge erk\u00e4nsla f\u00f6r utvalda deltagares bidrag p\u00e5 webbplatsen.<\/p>\n<p>Om du m\u00e4rker att n\u00e5gon anstr\u00e4nger sig lite extra f\u00f6r att s\u00e4kerst\u00e4lla att v\u00e5r community \u00e4r v\u00e4lkomnande, v\u00e4nlig och uppmuntrar alla deltagare att bidra s\u00e5 gott de kan, vill vi att du ska veta att du kan nominera n\u00e5gon vid konferensens incheckningsdisk.<\/li>\n<li>\n<h3>F\u00f6rv\u00e4ntat beteende<\/h3>\n<ul>\n<li>Var h\u00e4nsynsfull, respektfull och samarbetsinriktad.<\/li>\n<li>Avst\u00e5 fr\u00e5n neds\u00e4ttande, diskriminerande eller trakasserande beteende och uttryck.<\/li>\n<li>Var uppm\u00e4rksam p\u00e5 din omgivning och \u00f6vriga deltagare. Varna konferensarrang\u00f6rerna om du skulle uppt\u00e4cka en farlig situation eller att n\u00e5gon \u00e4r i en n\u00f6dsituation.<\/li>\n<li>Delta p\u00e5 ett genuint och aktivt s\u00e4tt. P\u00e5 det s\u00e4ttet bidrar du till att skapa v\u00e5rt WordCamp Stockholm och g\u00f6r det till ditt eget.<\/li>\n<\/ul>\n<\/li>\n<li>\n<h3>Oacceptabelt upptr\u00e4dande<\/h3>\n<p>Oacceptabla beteenden omfattar: skr\u00e4mmande, trakasserande, kr\u00e4nkande, diskriminerande, neds\u00e4ttande eller nedv\u00e4rderande beteende av deltagare i WordCamp Stockholm och relaterade evenemang. Allm\u00e4nheten kan ha tilltr\u00e4de alla platser d\u00e4r WordCamp Stockholm genomf\u00f6rs. Vi ber dig respektera alla personer som bes\u00f6ker dessa platser.<\/p>\n<p>Trakasserier inkluderar: aggressiva verbala kommentarer avseende k\u00f6n, sexuell l\u00e4ggning, ras, religion, funktionshinder, ol\u00e4mplig anv\u00e4ndning av nakenhet och\/eller sexuella bilder i offentliga utrymmen (inklusive bilder i presentationer), avsiktlig skr\u00e4mmande, f\u00f6rf\u00f6ljande eller efterf\u00f6ljande, trakasserande fotografering eller ljudinspelning, ih\u00e5llande st\u00f6rning av presentationer eller andra evenemang, ol\u00e4mplig fysisk kontakt och ov\u00e4lkommen sexuella anspelningar.<\/li>\n<li>\n<h3>Konsekvens av oacceptabelt beteende<\/h3>\n<p>Oacceptabelt beteende kommer inte att tolereras fr\u00e5n n\u00e5gon, vare sig deltagare, organisat\u00f6rer, anst\u00e4llda p\u00e5 evenemangsplatsen, sponsorer eller andra personer som bes\u00f6ker de platser d\u00e4r WordCamp Stockholm genomf\u00f6rs.<\/p>\n<p>Om n\u00e5gon blir ombedd att sluta upptr\u00e4da oacceptabelt f\u00f6rv\u00e4ntas det att s\u00e5 sker omedelbart.<\/p>\n<p>Om en deltagare \u00e4gnar sig \u00e5t oacceptabelt beteende kan konferensarrang\u00f6rerna vidta alla \u00e5tg\u00e4rder de finner l\u00e4mpliga, inklusive att tvingas l\u00e4mna konferensen utan f\u00f6rvarning och utan \u00e5terbetalning.<\/li>\n<li>\n<h3>Vad ska du g\u00f6ra om du ser eller uts\u00e4tts f\u00f6r oacceptabelt beteende?<\/h3>\n<p>Om du uts\u00e4tts f\u00f6r oacceptabelt beteende, uppm\u00e4rksammar att n\u00e5gon annan person uts\u00e4tts f\u00f6r oacceptabelt beteende eller \u00e4r oroad av andra sk\u00e4l ber vi dig informera en konferensarrang\u00f6r s\u00e5 snart som m\u00f6jligt.<\/p>\n<p>Teamet bakom WordCamp Stockholm kommer att finnas tillg\u00e4ngligt f\u00f6r att hj\u00e4lpa deltagare att kontakta lokalernas s\u00e4kerhetspersonal eller lokal polis, eskortera utsatta personer eller p\u00e5 annat s\u00e4tt hj\u00e4lpa dem som upplever oacceptabelt beteende att kunna k\u00e4nna sig s\u00e4kra under den tid konferensen p\u00e5g\u00e5r.<\/p>\n<p>Frivilliga kommer att ha en WordCamp Stockholm-T-shirt med texten \u201dOrganiser\u201d p\u00e5 ryggen. Alla frivilliga medhj\u00e4lpare kan s\u00e4tta dig i kontakt med en konferensarrang\u00f6r. Du kan \u00e4ven bes\u00f6ka den speciella incheckningsdisken i foaj\u00e9n och fr\u00e5ga efter organisat\u00f6rerna.<\/li>\n<li>\n<h3>Omfattning<\/h3>\n<p>Vi f\u00f6rv\u00e4ntar oss att alla konferensdeltagare (sponsorer, frivilliga medhj\u00e4lpare, talare, publik och andra g\u00e4ster) f\u00f6ljer denna uppf\u00f6randekod i alla lokaler d\u00e4r konferensen genomf\u00f6rs och vid sociala evenemang som genomf\u00f6rs i samband med konferensen.<\/li>\n<li>\n<h3>Kontaktinformation<\/h3>\n<p>Om du beh\u00f6ver omedelbar hj\u00e4lp kan du ringa organisat\u00f6rerna p\u00e5 telefon +46 (0)73 914 98 89.<\/li>\n<li>\n<h3>Licens och erk\u00e4nnande<\/h3>\n<p>Denna uppf\u00f6randekod \u00e4r en direkt kopia av den utm\u00e4rkta text av Open Source Bridge, men d\u00e4r informationen om just v\u00e5rt evenemang har skrivits in. Originalet finns p\u00e5 <a href=\"http:\/\/opensourcebridge.org\/about\/code-of-conduct\/\">http:\/\/opensourcebridge.org\/about\/code-of-conduct\/<\/a> och \u00e4r publicerat under licensen <a href=\"http:\/\/creativecommons.org\/licenses\/by-sa\/3.0\/\">Creative Commons Attribution-ShareAlike<\/a>.<\/li>\n<\/ol>\n","protected":false},"excerpt":{"rendered":"<p>Svenska | English Syfte WordCamp Stockholm tror p\u00e5 att v\u00e5r community verkligen ska vara \u00f6ppen f\u00f6r alla. D\u00e4rf\u00f6r \u00e4r vi fast beslutna att erbjuda en v\u00e4nlig, s\u00e4ker och v\u00e4lkomnande milj\u00f6 f\u00f6r alla, oberoende av k\u00f6n, sexuell l\u00e4ggning, handikapp, ursprung, religion eller preferenser kring operativsystem, programmeringsspr\u00e5k eller textredigeringsprogram. Denna uppf\u00f6randekod beskriver v\u00e5ra f\u00f6rv\u00e4ntningar p\u00e5 deltagarnas upptr\u00e4dande [&hellip;]<\/p>\n","protected":false},"author":7727085,"featured_media":803,"parent":0,"menu_order":0,"comment_status":"closed","ping_status":"closed","template":"","meta":{"jetpack_post_was_ever_published":false,"footnotes":""},"class_list":["post-225","page","type-page","status-publish","has-post-thumbnail","hentry"],"jetpack_sharing_enabled":true,"jetpack_shortlink":"https:\/\/wp.me\/P8NEvY-3D","_links":{"self":[{"href":"https:\/\/stockholm.wordcamp.org\/2017\/wp-json\/wp\/v2\/pages\/225","targetHints":{"allow":["GET"]}}],"collection":[{"href":"https:\/\/stockholm.wordcamp.org\/2017\/wp-json\/wp\/v2\/pages"}],"about":[{"href":"https:\/\/stockholm.wordcamp.org\/2017\/wp-json\/wp\/v2\/types\/page"}],"author":[{"embeddable":true,"href":"https:\/\/stockholm.wordcamp.org\/2017\/wp-json\/wp\/v2\/users\/7727085"}],"replies":[{"embeddable":true,"href":"https:\/\/stockholm.wordcamp.org\/2017\/wp-json\/wp\/v2\/comments?post=225"}],"version-history":[{"count":7,"href":"https:\/\/stockholm.wordcamp.org\/2017\/wp-json\/wp\/v2\/pages\/225\/revisions"}],"predecessor-version":[{"id":274,"href":"https:\/\/stockholm.wordcamp.org\/2017\/wp-json\/wp\/v2\/pages\/225\/revisions\/274"}],"wp:featuredmedia":[{"embeddable":true,"href":"https:\/\/stockholm.wordcamp.org\/2017\/wp-json\/wp\/v2\/media\/803"}],"wp:attachment":[{"href":"https:\/\/stockholm.wordcamp.org\/2017\/wp-json\/wp\/v2\/media?parent=225"}],"curies":[{"name":"wp","href":"https:\/\/api.w.org\/{rel}","templated":true}]}}