{"id":409,"date":"2017-08-28T15:22:40","date_gmt":"2017-08-28T13:22:40","guid":{"rendered":"https:\/\/2017.stockholm.wordcamp.org\/?page_id=409"},"modified":"2017-09-21T18:34:13","modified_gmt":"2017-09-21T16:34:13","slug":"kop-biljetter","status":"publish","type":"page","link":"https:\/\/stockholm.wordcamp.org\/2017\/kop-biljetter\/","title":{"rendered":"K\u00f6p biljetter"},"content":{"rendered":"<div class=\"boxed\">\n<p class=\"intro\">Nu kan du k\u00f6pa biljetter till WordCamp, \u00e5rets WordPress-h\u00e4ndelse i Stockholm!<\/p>\n<p>Konferensdag: 20 November p\u00e5 Stockholm Waterfront. Contributor-dag: 19 November (plats tillk\u00e4nnages inom kort). <\/p>\n<p>Inled bokningen av biljetterna genom att klicka p\u00e5 knappen nedan. Du kommer d\u00e5 till Internetdagarnas biljettsystem, och WordCamp-sp\u00e5ret (och v\u00e5rt speciella, f\u00f6rm\u00e5nliga pris) kommer att vara f\u00f6rvalt. Fyll i uppgifterna och v\u00e4lj betalning direkt eller mot faktura.<\/p>\n<p><a class=\"cta-button button big\" title=\"K\u00f6p biljetter h\u00e4r\" target=\"_blank\" href=\"https:\/\/delegia.com\/app\/attendee\/new_registration.asp?PROJECTID=10797&amp;CLEAR=yes&amp;REGLINENO=5&amp;REGLINEID=53118&amp;EDIT=off&amp;REGLINEPAGENO=1&amp;LANGUAGEID=1\">K\u00f6p biljetter<\/a><\/p>\n<p>PS! Om du inte hinner fullf\u00f6lja biljettk\u00f6pet \u00e4r det b\u00e4st att komma tillbaka hit och b\u00f6rja om.<\/p>\n<\/div>\n<p><\/p>\n<div class=\"boxed boxed--gold\">\n<p class=\"intro\">Bli en mikrosponsor<\/p>\n<p>I \u00e5r har du m\u00f6jlighet att enkelt bli en mikrosponsor. D\u00e5 f\u00e5r du 1 biljett till evenemanget, logga och l\u00e4nk p\u00e5 denna webbplats (WordCamp) och ett tack fr\u00e5n podiet under konferensdagen.<br \/>\nInvestering: 2&nbsp;500 SEK plus moms<\/p>\n<p><a class=\"cta-button button big\" title=\"K\u00f6p mikrosponsorsbiljetter h\u00e4r\" href=\"https:\/\/www.delegia.com\/app\/attendee\/new_registration.asp?ProjectId=10797&amp;reglineNo=9&amp;ReglineId=54072&amp;ReglinePageNo=1&amp;edit=off&amp;clear=yes\">K\u00f6p mikrosponsorsbiljetter h\u00e4r<\/a><\/p>\n<\/div>\n","protected":false},"excerpt":{"rendered":"<p>Nu kan du k\u00f6pa biljetter till WordCamp, \u00e5rets WordPress-h\u00e4ndelse i Stockholm! Konferensdag: 20 November p\u00e5 Stockholm Waterfront. Contributor-dag: 19 November (plats tillk\u00e4nnages inom kort). Inled bokningen av biljetterna genom att klicka p\u00e5 knappen nedan. Du kommer d\u00e5 till Internetdagarnas biljettsystem, och WordCamp-sp\u00e5ret (och v\u00e5rt speciella, f\u00f6rm\u00e5nliga pris) kommer att vara f\u00f6rvalt. Fyll i uppgifterna och [&hellip;]<\/p>\n","protected":false},"author":13784594,"featured_media":803,"parent":0,"menu_order":0,"comment_status":"closed","ping_status":"closed","template":"","meta":{"jetpack_post_was_ever_published":false,"footnotes":""},"class_list":["post-409","page","type-page","status-publish","has-post-thumbnail","hentry"],"jetpack_sharing_enabled":true,"jetpack_shortlink":"https:\/\/wp.me\/P8NEvY-6B","_links":{"self":[{"href":"https:\/\/stockholm.wordcamp.org\/2017\/wp-json\/wp\/v2\/pages\/409","targetHints":{"allow":["GET"]}}],"collection":[{"href":"https:\/\/stockholm.wordcamp.org\/2017\/wp-json\/wp\/v2\/pages"}],"about":[{"href":"https:\/\/stockholm.wordcamp.org\/2017\/wp-json\/wp\/v2\/types\/page"}],"author":[{"embeddable":true,"href":"https:\/\/stockholm.wordcamp.org\/2017\/wp-json\/wp\/v2\/users\/13784594"}],"replies":[{"embeddable":true,"href":"https:\/\/stockholm.wordcamp.org\/2017\/wp-json\/wp\/v2\/comments?post=409"}],"version-history":[{"count":19,"href":"https:\/\/stockholm.wordcamp.org\/2017\/wp-json\/wp\/v2\/pages\/409\/revisions"}],"predecessor-version":[{"id":839,"href":"https:\/\/stockholm.wordcamp.org\/2017\/wp-json\/wp\/v2\/pages\/409\/revisions\/839"}],"wp:featuredmedia":[{"embeddable":true,"href":"https:\/\/stockholm.wordcamp.org\/2017\/wp-json\/wp\/v2\/media\/803"}],"wp:attachment":[{"href":"https:\/\/stockholm.wordcamp.org\/2017\/wp-json\/wp\/v2\/media?parent=409"}],"curies":[{"name":"wp","href":"https:\/\/api.w.org\/{rel}","templated":true}]}}